{"id":116,"date":"2019-09-20T14:28:58","date_gmt":"2019-09-20T14:28:58","guid":{"rendered":"https:\/\/hetsch-optik.de\/?page_id=116"},"modified":"2020-04-09T09:09:51","modified_gmt":"2020-04-09T09:09:51","slug":"impressum","status":"publish","type":"page","link":"https:\/\/hetsch-optik.de\/?page_id=116","title":{"rendered":"IMPRESSUM"},"content":{"rendered":"\n<h1 class=\"wp-block-heading\">Impressum<\/h1>\n\n\n\n<h2 class=\"wp-block-heading\">Angaben gem\u00e4\u00df \u00a7 5 TMG<\/h2>\n\n\n\n<p>Tim Hetsch<br>\nHetsch Optik<br>\nMittelstr., 16b<br>\n25938 Wyk<\/p>\n\n\n\n<h2 class=\"wp-block-heading\">Kontakt<\/h2>\n\n\n\n<p>Telefon: +4946814144<br>\nE-Mail: kontakt@hetsch-optik.de<\/p>\n\n\n\n<h2 class=\"wp-block-heading\">Umsatzsteuer-ID<\/h2>\n\n\n\n<p>Umsatzsteuer-Identifikationsnummer gem\u00e4\u00df \u00a727 a Umsatzsteuergesetz:<br>\nDE 322715331<\/p>\n\n\n\n<h2 class=\"wp-block-heading\">Aufsichtsbeh\u00f6rde<\/h2>\n\n\n\n<p>Handwerkskammer Flensburg<br>\nJohanniskirchhof 1, 24937 Flensburg<\/p>\n\n\n\n<p><a href=\"https:\/\/www.hwk-flensburg.de\/\">https:\/\/www.hwk-flensburg.de\/<\/a><\/p>\n\n\n\n<h2 class=\"wp-block-heading\">Berufsbezeichnung und berufsrechtliche Regelungen<\/h2>\n\n\n\n<p>Berufsbezeichnung: Augenoptikermeister<br> Zust\u00e4ndige Kammer: Handwerkskammer Flensburg<br> Verliehen durch: Handwerkskammer L\u00fcbeck, Deutschland<br> Es gelten folgende berufsrechtliche Regelungen: Handwerksordnung (HWO) in der jeweils g\u00fcltigen Fassung<br>  Regelungen einsehbar unter: <a rel=\"noreferrer noopener\" href=\"http:\/\/bundesrecht.juris.de\/bundesrecht\/hwo\/gesamt.pdf\" target=\"_blank\">http:\/\/bundesrecht.juris.de\/bundesrecht\/hwo\/gesamt.pdf<\/a><\/p>\n\n\n\n<p>Wir sind nicht bereit oder verpflichtet, an Streitbeilegungsverfahren vor einer Verbraucherschlichtungsstelle teilzunehmen.<\/p>\n\n\n\n<h3 class=\"wp-block-heading\">Haftung f\u00fcr Inhalte<\/h3>\n\n\n\n<p>Als Diensteanbieter sind wir gem\u00e4\u00df \u00a7 7 Abs.1 TMG f\u00fcr eigene Inhalte auf diesen Seiten nach den allgemeinen Gesetzen verantwortlich. Nach \u00a7\u00a7 8 bis 10 TMG sind wir als Diensteanbieter jedoch nicht verpflichtet, \u00fcbermittelte oder gespeicherte fremde Informationen zu \u00fcberwachen oder nach Umst\u00e4nden zu forschen, die auf eine rechtswidrige T\u00e4tigkeit hinweisen.<\/p>\n\n\n\n<p>Verpflichtungen zur Entfernung oder Sperrung der Nutzung von Informationen nach den allgemeinen Gesetzen bleiben hiervon unber\u00fchrt. Eine diesbez\u00fcgliche Haftung ist jedoch erst ab dem Zeitpunkt der Kenntnis einer konkreten Rechtsverletzung m\u00f6glich. Bei Bekanntwerden von entsprechenden Rechtsverletzungen werden wir diese Inhalte umgehend entfernen.<\/p>\n\n\n\n<h3 class=\"wp-block-heading\">Haftung f\u00fcr Links<\/h3>\n\n\n\n<p>Unser Angebot enth\u00e4lt Links zu externen Websites Dritter, auf deren Inhalte wir keinen Einfluss haben. Deshalb k\u00f6nnen wir f\u00fcr diese fremden Inhalte auch keine Gew\u00e4hr \u00fcbernehmen. F\u00fcr die Inhalte der verlinkten Seiten ist stets der jeweilige Anbieter oder Betreiber der Seiten verantwortlich. Die verlinkten Seiten wurden zum Zeitpunkt der Verlinkung auf m\u00f6gliche Rechtsverst\u00f6\u00dfe \u00fcberpr\u00fcft. Rechtswidrige Inhalte waren zum Zeitpunkt der Verlinkung nicht erkennbar.<\/p>\n\n\n\n<p>Eine permanente inhaltliche Kontrolle der verlinkten Seiten ist jedoch ohne konkrete Anhaltspunkte einer Rechtsverletzung nicht zumutbar. Bei Bekanntwerden von Rechtsverletzungen werden wir derartige Links umgehend entfernen.<\/p>\n\n\n\n<h3 class=\"wp-block-heading\">Urheberrecht<\/h3>\n\n\n\n<p>Die durch die Seitenbetreiber erstellten Inhalte und Werke auf diesen Seiten unterliegen dem deutschen Urheberrecht. Die Vervielf\u00e4ltigung, Bearbeitung, Verbreitung und jede Art der Verwertung au\u00dferhalb der Grenzen des Urheberrechtes bed\u00fcrfen der schriftlichen Zustimmung des jeweiligen Autors bzw. Erstellers. Downloads und Kopien dieser Seite sind nur f\u00fcr den privaten, nicht kommerziellen Gebrauch gestattet.<\/p>\n\n\n\n<p>Soweit die Inhalte auf dieser Seite nicht vom Betreiber erstellt wurden, werden die Urheberrechte Dritter beachtet. Insbesondere werden Inhalte Dritter als solche gekennzeichnet. Sollten Sie trotzdem auf eine Urheberrechtsverletzung aufmerksam werden, bitten wir um einen entsprechenden Hinweis. Bei Bekanntwerden von Rechtsverletzungen werden wir derartige Inhalte umgehend entfernen.<br><br>Dieses Impressum gilt auch f\u00fcr unsere Facebookseite:  <a href=\"https:\/\/www.facebook.com\/HetschOptik\/\">https:\/\/www.facebook.com\/HetschOptik\/<\/a> <\/p>\n","protected":false},"excerpt":{"rendered":"<p>Impressum Angaben gem\u00e4\u00df \u00a7 5 TMG Tim Hetsch Hetsch Optik Mittelstr., 16b 25938 Wyk Kontakt Telefon: +4946814144 E-Mail: kontakt@hetsch-optik.de Umsatzsteuer-ID Umsatzsteuer-Identifikationsnummer gem\u00e4\u00df \u00a727 a Umsatzsteuergesetz: DE 322715331 Aufsichtsbeh\u00f6rde Handwerkskammer Flensburg Johanniskirchhof 1, 24937 Flensburg https:\/\/www.hwk-flensburg.de\/ Berufsbezeichnung und berufsrechtliche Regelungen Berufsbezeichnung: Augenoptikermeister Zust\u00e4ndige Kammer: Handwerkskammer Flensburg Verliehen durch: Handwerkskammer L\u00fcbeck, Deutschland Es gelten folgende berufsrechtliche Regelungen: [&hellip;]<\/p>\n","protected":false},"author":1,"featured_media":0,"parent":0,"menu_order":0,"comment_status":"closed","ping_status":"closed","template":"template-fullwidth.php","meta":{"footnotes":""},"class_list":["post-116","page","type-page","status-publish","hentry"],"yoast_head":"<!-- This site is optimized with the Yoast SEO plugin v26.4 - https:\/\/yoast.com\/wordpress\/plugins\/seo\/ -->\n<title>IMPRESSUM - Hetsch Optik<\/title>\n<meta name=\"robots\" content=\"index, follow, max-snippet:-1, max-image-preview:large, max-video-preview:-1\" \/>\n<link rel=\"canonical\" href=\"https:\/\/hetsch-optik.de\/?page_id=116\" \/>\n<meta property=\"og:locale\" content=\"en_US\" \/>\n<meta property=\"og:type\" content=\"article\" \/>\n<meta property=\"og:title\" content=\"IMPRESSUM - Hetsch Optik\" \/>\n<meta property=\"og:description\" content=\"Impressum Angaben gem\u00e4\u00df \u00a7 5 TMG Tim Hetsch Hetsch Optik Mittelstr., 16b 25938 Wyk Kontakt Telefon: +4946814144 E-Mail: kontakt@hetsch-optik.de Umsatzsteuer-ID Umsatzsteuer-Identifikationsnummer gem\u00e4\u00df \u00a727 a Umsatzsteuergesetz: DE 322715331 Aufsichtsbeh\u00f6rde Handwerkskammer Flensburg Johanniskirchhof 1, 24937 Flensburg https:\/\/www.hwk-flensburg.de\/ Berufsbezeichnung und berufsrechtliche Regelungen Berufsbezeichnung: Augenoptikermeister Zust\u00e4ndige Kammer: Handwerkskammer Flensburg Verliehen durch: Handwerkskammer L\u00fcbeck, Deutschland Es gelten folgende berufsrechtliche Regelungen: [&hellip;]\" \/>\n<meta property=\"og:url\" content=\"https:\/\/hetsch-optik.de\/?page_id=116\" \/>\n<meta property=\"og:site_name\" content=\"Hetsch Optik\" \/>\n<meta property=\"article:publisher\" content=\"https:\/\/www.facebook.com\/HetschOptik\" \/>\n<meta property=\"article:modified_time\" content=\"2020-04-09T09:09:51+00:00\" \/>\n<meta name=\"twitter:card\" content=\"summary_large_image\" \/>\n<meta name=\"twitter:label1\" content=\"Est. reading time\" \/>\n\t<meta name=\"twitter:data1\" content=\"2 minutes\" \/>\n<script type=\"application\/ld+json\" class=\"yoast-schema-graph\">{\"@context\":\"https:\/\/schema.org\",\"@graph\":[{\"@type\":\"WebPage\",\"@id\":\"https:\/\/hetsch-optik.de\/?page_id=116\",\"url\":\"https:\/\/hetsch-optik.de\/?page_id=116\",\"name\":\"IMPRESSUM - Hetsch Optik\",\"isPartOf\":{\"@id\":\"https:\/\/hetsch-optik.de\/#website\"},\"datePublished\":\"2019-09-20T14:28:58+00:00\",\"dateModified\":\"2020-04-09T09:09:51+00:00\",\"breadcrumb\":{\"@id\":\"https:\/\/hetsch-optik.de\/?page_id=116#breadcrumb\"},\"inLanguage\":\"en-US\",\"potentialAction\":[{\"@type\":\"ReadAction\",\"target\":[\"https:\/\/hetsch-optik.de\/?page_id=116\"]}]},{\"@type\":\"BreadcrumbList\",\"@id\":\"https:\/\/hetsch-optik.de\/?page_id=116#breadcrumb\",\"itemListElement\":[{\"@type\":\"ListItem\",\"position\":1,\"name\":\"Home\",\"item\":\"https:\/\/hetsch-optik.de\/\"},{\"@type\":\"ListItem\",\"position\":2,\"name\":\"IMPRESSUM\"}]},{\"@type\":\"WebSite\",\"@id\":\"https:\/\/hetsch-optik.de\/#website\",\"url\":\"https:\/\/hetsch-optik.de\/\",\"name\":\"Hetsch Optik\",\"description\":\"Hetsch Optik\",\"publisher\":{\"@id\":\"https:\/\/hetsch-optik.de\/#organization\"},\"potentialAction\":[{\"@type\":\"SearchAction\",\"target\":{\"@type\":\"EntryPoint\",\"urlTemplate\":\"https:\/\/hetsch-optik.de\/?s={search_term_string}\"},\"query-input\":{\"@type\":\"PropertyValueSpecification\",\"valueRequired\":true,\"valueName\":\"search_term_string\"}}],\"inLanguage\":\"en-US\"},{\"@type\":\"Organization\",\"@id\":\"https:\/\/hetsch-optik.de\/#organization\",\"name\":\"Hetsch Optik\",\"url\":\"https:\/\/hetsch-optik.de\/\",\"logo\":{\"@type\":\"ImageObject\",\"inLanguage\":\"en-US\",\"@id\":\"https:\/\/hetsch-optik.de\/#\/schema\/logo\/image\/\",\"url\":\"https:\/\/hetsch-optik.de\/wp-content\/uploads\/2019\/09\/HO_Wortmarke.png\",\"contentUrl\":\"https:\/\/hetsch-optik.de\/wp-content\/uploads\/2019\/09\/HO_Wortmarke.png\",\"width\":3852,\"height\":488,\"caption\":\"Hetsch Optik\"},\"image\":{\"@id\":\"https:\/\/hetsch-optik.de\/#\/schema\/logo\/image\/\"},\"sameAs\":[\"https:\/\/www.facebook.com\/HetschOptik\",\"https:\/\/www.instagram.com\/hetschoptik\"]}]}<\/script>\n<!-- \/ Yoast SEO plugin. -->","yoast_head_json":{"title":"IMPRESSUM - Hetsch Optik","robots":{"index":"index","follow":"follow","max-snippet":"max-snippet:-1","max-image-preview":"max-image-preview:large","max-video-preview":"max-video-preview:-1"},"canonical":"https:\/\/hetsch-optik.de\/?page_id=116","og_locale":"en_US","og_type":"article","og_title":"IMPRESSUM - Hetsch Optik","og_description":"Impressum Angaben gem\u00e4\u00df \u00a7 5 TMG Tim Hetsch Hetsch Optik Mittelstr., 16b 25938 Wyk Kontakt Telefon: +4946814144 E-Mail: kontakt@hetsch-optik.de Umsatzsteuer-ID Umsatzsteuer-Identifikationsnummer gem\u00e4\u00df \u00a727 a Umsatzsteuergesetz: DE 322715331 Aufsichtsbeh\u00f6rde Handwerkskammer Flensburg Johanniskirchhof 1, 24937 Flensburg https:\/\/www.hwk-flensburg.de\/ Berufsbezeichnung und berufsrechtliche Regelungen Berufsbezeichnung: Augenoptikermeister Zust\u00e4ndige Kammer: Handwerkskammer Flensburg Verliehen durch: Handwerkskammer L\u00fcbeck, Deutschland Es gelten folgende berufsrechtliche Regelungen: [&hellip;]","og_url":"https:\/\/hetsch-optik.de\/?page_id=116","og_site_name":"Hetsch Optik","article_publisher":"https:\/\/www.facebook.com\/HetschOptik","article_modified_time":"2020-04-09T09:09:51+00:00","twitter_card":"summary_large_image","twitter_misc":{"Est. reading time":"2 minutes"},"schema":{"@context":"https:\/\/schema.org","@graph":[{"@type":"WebPage","@id":"https:\/\/hetsch-optik.de\/?page_id=116","url":"https:\/\/hetsch-optik.de\/?page_id=116","name":"IMPRESSUM - Hetsch Optik","isPartOf":{"@id":"https:\/\/hetsch-optik.de\/#website"},"datePublished":"2019-09-20T14:28:58+00:00","dateModified":"2020-04-09T09:09:51+00:00","breadcrumb":{"@id":"https:\/\/hetsch-optik.de\/?page_id=116#breadcrumb"},"inLanguage":"en-US","potentialAction":[{"@type":"ReadAction","target":["https:\/\/hetsch-optik.de\/?page_id=116"]}]},{"@type":"BreadcrumbList","@id":"https:\/\/hetsch-optik.de\/?page_id=116#breadcrumb","itemListElement":[{"@type":"ListItem","position":1,"name":"Home","item":"https:\/\/hetsch-optik.de\/"},{"@type":"ListItem","position":2,"name":"IMPRESSUM"}]},{"@type":"WebSite","@id":"https:\/\/hetsch-optik.de\/#website","url":"https:\/\/hetsch-optik.de\/","name":"Hetsch Optik","description":"Hetsch Optik","publisher":{"@id":"https:\/\/hetsch-optik.de\/#organization"},"potentialAction":[{"@type":"SearchAction","target":{"@type":"EntryPoint","urlTemplate":"https:\/\/hetsch-optik.de\/?s={search_term_string}"},"query-input":{"@type":"PropertyValueSpecification","valueRequired":true,"valueName":"search_term_string"}}],"inLanguage":"en-US"},{"@type":"Organization","@id":"https:\/\/hetsch-optik.de\/#organization","name":"Hetsch Optik","url":"https:\/\/hetsch-optik.de\/","logo":{"@type":"ImageObject","inLanguage":"en-US","@id":"https:\/\/hetsch-optik.de\/#\/schema\/logo\/image\/","url":"https:\/\/hetsch-optik.de\/wp-content\/uploads\/2019\/09\/HO_Wortmarke.png","contentUrl":"https:\/\/hetsch-optik.de\/wp-content\/uploads\/2019\/09\/HO_Wortmarke.png","width":3852,"height":488,"caption":"Hetsch Optik"},"image":{"@id":"https:\/\/hetsch-optik.de\/#\/schema\/logo\/image\/"},"sameAs":["https:\/\/www.facebook.com\/HetschOptik","https:\/\/www.instagram.com\/hetschoptik"]}]}},"_links":{"self":[{"href":"https:\/\/hetsch-optik.de\/index.php?rest_route=\/wp\/v2\/pages\/116","targetHints":{"allow":["GET"]}}],"collection":[{"href":"https:\/\/hetsch-optik.de\/index.php?rest_route=\/wp\/v2\/pages"}],"about":[{"href":"https:\/\/hetsch-optik.de\/index.php?rest_route=\/wp\/v2\/types\/page"}],"author":[{"embeddable":true,"href":"https:\/\/hetsch-optik.de\/index.php?rest_route=\/wp\/v2\/users\/1"}],"replies":[{"embeddable":true,"href":"https:\/\/hetsch-optik.de\/index.php?rest_route=%2Fwp%2Fv2%2Fcomments&post=116"}],"version-history":[{"count":7,"href":"https:\/\/hetsch-optik.de\/index.php?rest_route=\/wp\/v2\/pages\/116\/revisions"}],"predecessor-version":[{"id":198,"href":"https:\/\/hetsch-optik.de\/index.php?rest_route=\/wp\/v2\/pages\/116\/revisions\/198"}],"wp:attachment":[{"href":"https:\/\/hetsch-optik.de\/index.php?rest_route=%2Fwp%2Fv2%2Fmedia&parent=116"}],"curies":[{"name":"wp","href":"https:\/\/api.w.org\/{rel}","templated":true}]}}